{"id":540,"date":"2018-11-27T09:16:54","date_gmt":"2018-11-27T07:16:54","guid":{"rendered":"https:\/\/pizzacook.fi\/home\/"},"modified":"2025-12-28T18:27:48","modified_gmt":"2025-12-28T16:27:48","slug":"home","status":"publish","type":"page","link":"https:\/\/pizzacook.fi\/en\/","title":{"rendered":"Home"},"content":{"rendered":"<div data-elementor-type=\"wp-page\" data-elementor-id=\"540\" class=\"elementor elementor-540\">\n\t\t\t\t\t\t<section class=\"elementor-section elementor-top-section elementor-element elementor-element-c50838b elementor-section-boxed elementor-section-height-default elementor-section-height-default\" data-id=\"c50838b\" data-element_type=\"section\" data-settings=\"{&quot;background_background&quot;:&quot;classic&quot;}\">\n\t\t\t\t\t\t\t<div class=\"elementor-background-overlay\"><\/div>\n\t\t\t\t\t\t\t<div class=\"elementor-container elementor-column-gap-default\">\n\t\t\t\t\t<div class=\"elementor-column elementor-col-50 elementor-top-column elementor-element elementor-element-55b0429\" data-id=\"55b0429\" data-element_type=\"column\">\n\t\t\t<div class=\"elementor-widget-wrap elementor-element-populated\">\n\t\t\t\t\t\t<div class=\"elementor-element elementor-element-59d34eb elementor-widget elementor-widget-image\" data-id=\"59d34eb\" data-element_type=\"widget\" data-widget_type=\"image.default\">\n\t\t\t\t<div class=\"elementor-widget-container\">\n\t\t\t\t\t\t\t\t\t\t\t\t\t\t\t<img fetchpriority=\"high\" decoding=\"async\" width=\"1024\" height=\"108\" src=\"https:\/\/pizzacook.fi\/wp-content\/uploads\/2022\/11\/Logo_light-1-279x29.webp\" class=\"attachment-large size-large wp-image-3396\" alt=\"\" srcset=\"https:\/\/pizzacook.fi\/wp-content\/uploads\/2022\/11\/Logo_light-1-1024x108.webp 1024w, https:\/\/pizzacook.fi\/wp-content\/uploads\/2022\/11\/Logo_light-1-300x32.webp 300w, https:\/\/pizzacook.fi\/wp-content\/uploads\/2022\/11\/Logo_light-1-768x81.webp 768w, https:\/\/pizzacook.fi\/wp-content\/uploads\/2022\/11\/Logo_light-1-1536x161.webp 1536w, https:\/\/pizzacook.fi\/wp-content\/uploads\/2022\/11\/Logo_light-1-18x2.webp 18w, https:\/\/pizzacook.fi\/wp-content\/uploads\/2022\/11\/Logo_light-1-279x29.webp 279w, https:\/\/pizzacook.fi\/wp-content\/uploads\/2022\/11\/Logo_light-1.webp 1904w\" sizes=\"(max-width: 1024px) 100vw, 1024px\" \/>\t\t\t\t\t\t\t\t\t\t\t\t\t\t\t<\/div>\n\t\t\t\t<\/div>\n\t\t\t\t<section class=\"elementor-section elementor-inner-section elementor-element elementor-element-b06912b elementor-section-boxed elementor-section-height-default elementor-section-height-default\" data-id=\"b06912b\" data-element_type=\"section\">\n\t\t\t\t\t\t<div class=\"elementor-container elementor-column-gap-default\">\n\t\t\t\t\t<div class=\"elementor-column elementor-col-100 elementor-inner-column elementor-element elementor-element-8ee21b4\" data-id=\"8ee21b4\" data-element_type=\"column\">\n\t\t\t<div class=\"elementor-widget-wrap elementor-element-populated\">\n\t\t\t\t\t\t<div class=\"elementor-element elementor-element-4a6b8c2 elementor-widget elementor-widget-heading\" data-id=\"4a6b8c2\" data-element_type=\"widget\" data-widget_type=\"heading.default\">\n\t\t\t\t<div class=\"elementor-widget-container\">\n\t\t\t\t\t<h1 class=\"elementor-heading-title elementor-size-default\">Pizza in the center of Helsinki<\/h1>\t\t\t\t<\/div>\n\t\t\t\t<\/div>\n\t\t\t\t<div class=\"elementor-element elementor-element-eda1fef elementor-align-center elementor-widget__width-initial elementor-widget elementor-widget-button\" data-id=\"eda1fef\" data-element_type=\"widget\" data-widget_type=\"button.default\">\n\t\t\t\t<div class=\"elementor-widget-container\">\n\t\t\t\t\t\t\t\t\t<div class=\"elementor-button-wrapper\">\n\t\t\t\t\t<a class=\"elementor-button elementor-button-link elementor-size-sm\" href=\"\/en\/ruokalista\/\">\n\t\t\t\t\t\t<span class=\"elementor-button-content-wrapper\">\n\t\t\t\t\t\t\t\t\t<span class=\"elementor-button-text\">Menu<\/span>\n\t\t\t\t\t<\/span>\n\t\t\t\t\t<\/a>\n\t\t\t\t<\/div>\n\t\t\t\t\t\t\t\t<\/div>\n\t\t\t\t<\/div>\n\t\t\t\t<div class=\"elementor-element elementor-element-4065190 elementor-align-center elementor-widget__width-initial elementor-widget elementor-widget-button\" data-id=\"4065190\" data-element_type=\"widget\" data-widget_type=\"button.default\">\n\t\t\t\t<div class=\"elementor-widget-container\">\n\t\t\t\t\t\t\t\t\t<div class=\"elementor-button-wrapper\">\n\t\t\t\t\t<a class=\"elementor-button elementor-button-link elementor-size-sm\" href=\"https:\/\/www.ravintolalinkki.fi\/helsinki\/menu\/pizza-cook\/\">\n\t\t\t\t\t\t<span class=\"elementor-button-content-wrapper\">\n\t\t\t\t\t\t\t\t\t<span class=\"elementor-button-text\">Order online<\/span>\n\t\t\t\t\t<\/span>\n\t\t\t\t\t<\/a>\n\t\t\t\t<\/div>\n\t\t\t\t\t\t\t\t<\/div>\n\t\t\t\t<\/div>\n\t\t\t\t\t<\/div>\n\t\t<\/div>\n\t\t\t\t\t<\/div>\n\t\t<\/section>\n\t\t\t\t\t<\/div>\n\t\t<\/div>\n\t\t\t\t<div class=\"elementor-column elementor-col-50 elementor-top-column elementor-element elementor-element-2b5e9d2 elementor-hidden-mobile\" data-id=\"2b5e9d2\" data-element_type=\"column\">\n\t\t\t<div class=\"elementor-widget-wrap elementor-element-populated\">\n\t\t\t\t\t\t<div class=\"elementor-element elementor-element-4b83a51 elementor-widget elementor-widget-image\" data-id=\"4b83a51\" data-element_type=\"widget\" data-widget_type=\"image.default\">\n\t\t\t\t<div class=\"elementor-widget-container\">\n\t\t\t\t\t\t\t\t\t\t\t\t\t\t\t<img decoding=\"async\" width=\"900\" height=\"740\" src=\"https:\/\/pizzacook.fi\/wp-content\/uploads\/2022\/11\/pizza_cook_helsinki_pizza.webp\" class=\"attachment-large size-large wp-image-3476\" alt=\"\" srcset=\"https:\/\/pizzacook.fi\/wp-content\/uploads\/2022\/11\/pizza_cook_helsinki_pizza.webp 900w, https:\/\/pizzacook.fi\/wp-content\/uploads\/2022\/11\/pizza_cook_helsinki_pizza-300x247.webp 300w, https:\/\/pizzacook.fi\/wp-content\/uploads\/2022\/11\/pizza_cook_helsinki_pizza-768x631.webp 768w, https:\/\/pizzacook.fi\/wp-content\/uploads\/2022\/11\/pizza_cook_helsinki_pizza-15x12.webp 15w\" sizes=\"(max-width: 900px) 100vw, 900px\" \/>\t\t\t\t\t\t\t\t\t\t\t\t\t\t\t<\/div>\n\t\t\t\t<\/div>\n\t\t\t\t\t<\/div>\n\t\t<\/div>\n\t\t\t\t\t<\/div>\n\t\t<\/section>\n\t\t\t\t<section class=\"elementor-section elementor-top-section elementor-element elementor-element-01ffef0 elementor-section-boxed elementor-section-height-default elementor-section-height-default\" data-id=\"01ffef0\" data-element_type=\"section\" data-settings=\"{&quot;background_background&quot;:&quot;gradient&quot;,&quot;animation&quot;:&quot;none&quot;}\">\n\t\t\t\t\t\t\t<div class=\"elementor-background-overlay\"><\/div>\n\t\t\t\t\t\t\t<div class=\"elementor-container elementor-column-gap-default\">\n\t\t\t\t\t<div class=\"elementor-column elementor-col-100 elementor-top-column elementor-element elementor-element-57310a8\" data-id=\"57310a8\" data-element_type=\"column\">\n\t\t\t<div class=\"elementor-widget-wrap elementor-element-populated\">\n\t\t\t\t\t\t<div class=\"elementor-element elementor-element-164e850 elementor-invisible elementor-widget elementor-widget-text-editor\" data-id=\"164e850\" data-element_type=\"widget\" data-settings=\"{&quot;_animation&quot;:&quot;fadeIn&quot;}\" data-widget_type=\"text-editor.default\">\n\t\t\t\t<div class=\"elementor-widget-container\">\n\t\t\t\t\t\t\t\t\t<p>Do you feel like eating pizza? Would you like to eat right in the center of Helsinki, right next to the train station? Then the solution is a restaurant <strong>Pizza Cook<\/strong>!<\/p><p>\u00a0<\/p><p class=\"translation-block\">We at Pizza Cook have a simple goal: we want to prepare <strong>delicious<\/strong> and <strong>healthy<\/strong> food for our customers. Pizza Cook puts customer satisfaction first, because we exist to meet customers' needs.<\/p><p>\u00a0<\/p><p>Pizza Cook brings people together and serves new and interesting flavors.<\/p><p>\u00a0<\/p><p>Can there be a better goal?<\/p>\t\t\t\t\t\t\t\t<\/div>\n\t\t\t\t<\/div>\n\t\t\t\t\t<\/div>\n\t\t<\/div>\n\t\t\t\t\t<\/div>\n\t\t<\/section>\n\t\t\t\t<section class=\"elementor-section elementor-top-section elementor-element elementor-element-7db865b elementor-section-boxed elementor-section-height-default elementor-section-height-default\" data-id=\"7db865b\" data-element_type=\"section\">\n\t\t\t\t\t\t<div class=\"elementor-container elementor-column-gap-default\">\n\t\t\t\t\t<div class=\"elementor-column elementor-col-100 elementor-top-column elementor-element elementor-element-b954be3\" data-id=\"b954be3\" data-element_type=\"column\">\n\t\t\t<div class=\"elementor-widget-wrap elementor-element-populated\">\n\t\t\t\t\t\t<section class=\"elementor-section elementor-inner-section elementor-element elementor-element-3636d33 elementor-section-boxed elementor-section-height-default elementor-section-height-default\" data-id=\"3636d33\" data-element_type=\"section\">\n\t\t\t\t\t\t<div class=\"elementor-container elementor-column-gap-default\">\n\t\t\t\t\t<div class=\"elementor-column elementor-col-100 elementor-inner-column elementor-element elementor-element-8125aa7\" data-id=\"8125aa7\" data-element_type=\"column\">\n\t\t\t<div class=\"elementor-widget-wrap elementor-element-populated\">\n\t\t\t\t\t\t<div class=\"elementor-element elementor-element-b83937d elementor-widget elementor-widget-heading\" data-id=\"b83937d\" data-element_type=\"widget\" data-widget_type=\"heading.default\">\n\t\t\t\t<div class=\"elementor-widget-container\">\n\t\t\t\t\t<h2 class=\"elementor-heading-title elementor-size-default\">Food and drink menu<\/h2>\t\t\t\t<\/div>\n\t\t\t\t<\/div>\n\t\t\t\t<div class=\"elementor-element elementor-element-60d41b9 elementor-align-center elementor-widget__width-initial elementor-widget elementor-widget-button\" data-id=\"60d41b9\" data-element_type=\"widget\" data-widget_type=\"button.default\">\n\t\t\t\t<div class=\"elementor-widget-container\">\n\t\t\t\t\t\t\t\t\t<div class=\"elementor-button-wrapper\">\n\t\t\t\t\t<a class=\"elementor-button elementor-button-link elementor-size-xs\" href=\"https:\/\/www.ravintolalinkki.fi\/helsinki\/menu\/pizza-cook\/\">\n\t\t\t\t\t\t<span class=\"elementor-button-content-wrapper\">\n\t\t\t\t\t\t\t\t\t<span class=\"elementor-button-text\">Tilaa t\u00e4st\u00e4<\/span>\n\t\t\t\t\t<\/span>\n\t\t\t\t\t<\/a>\n\t\t\t\t<\/div>\n\t\t\t\t\t\t\t\t<\/div>\n\t\t\t\t<\/div>\n\t\t\t\t\t<\/div>\n\t\t<\/div>\n\t\t\t\t\t<\/div>\n\t\t<\/section>\n\t\t\t\t<div class=\"elementor-element elementor-element-c841a23 elementor-widget elementor-widget-html\" data-id=\"c841a23\" data-element_type=\"widget\" data-widget_type=\"html.default\">\n\t\t\t\t<div class=\"elementor-widget-container\">\n\t\t\t\t\t<div style=\"padding:20px 15px; text-align:center;\">\r\n    <p style=\"font-size:18px; font-weight:600; margin-bottom:10px;color:#000;\">\r\n        L\u00f6yd\u00e4t meid\u00e4t my\u00f6s Ravintolalinkist\u00e4\r\n    <\/p>\r\n    <a href=\"https:\/\/www.ravintolalinkki.fi\/helsinki\/menu\/pizza-cook\/\" target=\"_blank\" rel=\"noopener noreferrer\">\r\n        <img decoding=\"async\" src=\"https:\/\/www.ravintolalinkki.fi\/_nuxt\/img\/logo_text.4268d85.png\" \r\n             alt=\"Ravintolalinkki \u2013 Katso kaikki ravintolamme\" \r\n             style=\"max-width:300px; width:100%; height:auto; display:inline-block;\">\r\n    <\/a>\r\n<\/div>\t\t\t\t<\/div>\n\t\t\t\t<\/div>\n\t\t\t\t<section class=\"elementor-section elementor-inner-section elementor-element elementor-element-fb3f6c9 elementor-section-boxed elementor-section-height-default elementor-section-height-default\" data-id=\"fb3f6c9\" data-element_type=\"section\">\n\t\t\t\t\t\t<div class=\"elementor-container elementor-column-gap-default\">\n\t\t\t\t\t<div class=\"elementor-column elementor-col-33 elementor-inner-column elementor-element elementor-element-f19128f\" data-id=\"f19128f\" data-element_type=\"column\">\n\t\t\t<div class=\"elementor-widget-wrap elementor-element-populated\">\n\t\t\t\t\t\t<div class=\"elementor-element elementor-element-6bd3bdf elementor-widget elementor-widget-image\" data-id=\"6bd3bdf\" data-element_type=\"widget\" data-widget_type=\"image.default\">\n\t\t\t\t<div class=\"elementor-widget-container\">\n\t\t\t\t\t\t\t\t\t\t\t\t\t\t\t<img decoding=\"async\" width=\"528\" height=\"528\" src=\"https:\/\/pizzacook.fi\/wp-content\/uploads\/2022\/11\/Pizza_cook_pizza.webp\" class=\"attachment-large size-large wp-image-3515\" alt=\"\" srcset=\"https:\/\/pizzacook.fi\/wp-content\/uploads\/2022\/11\/Pizza_cook_pizza.webp 528w, https:\/\/pizzacook.fi\/wp-content\/uploads\/2022\/11\/Pizza_cook_pizza-300x300.webp 300w, https:\/\/pizzacook.fi\/wp-content\/uploads\/2022\/11\/Pizza_cook_pizza-150x150.webp 150w, https:\/\/pizzacook.fi\/wp-content\/uploads\/2022\/11\/Pizza_cook_pizza-12x12.webp 12w\" sizes=\"(max-width: 528px) 100vw, 528px\" \/>\t\t\t\t\t\t\t\t\t\t\t\t\t\t\t<\/div>\n\t\t\t\t<\/div>\n\t\t\t\t\t<\/div>\n\t\t<\/div>\n\t\t\t\t<div class=\"elementor-column elementor-col-33 elementor-inner-column elementor-element elementor-element-d0b1435\" data-id=\"d0b1435\" data-element_type=\"column\">\n\t\t\t<div class=\"elementor-widget-wrap elementor-element-populated\">\n\t\t\t\t\t\t<div class=\"elementor-element elementor-element-856ac3b elementor-widget elementor-widget-image\" data-id=\"856ac3b\" data-element_type=\"widget\" data-widget_type=\"image.default\">\n\t\t\t\t<div class=\"elementor-widget-container\">\n\t\t\t\t\t\t\t\t\t\t\t\t\t\t\t<img loading=\"lazy\" decoding=\"async\" width=\"528\" height=\"528\" src=\"https:\/\/pizzacook.fi\/wp-content\/uploads\/2022\/11\/pizza_cook_kebabl.webp\" class=\"attachment-large size-large wp-image-3514\" alt=\"\" srcset=\"https:\/\/pizzacook.fi\/wp-content\/uploads\/2022\/11\/pizza_cook_kebabl.webp 528w, https:\/\/pizzacook.fi\/wp-content\/uploads\/2022\/11\/pizza_cook_kebabl-300x300.webp 300w, https:\/\/pizzacook.fi\/wp-content\/uploads\/2022\/11\/pizza_cook_kebabl-150x150.webp 150w, https:\/\/pizzacook.fi\/wp-content\/uploads\/2022\/11\/pizza_cook_kebabl-12x12.webp 12w\" sizes=\"(max-width: 528px) 100vw, 528px\" \/>\t\t\t\t\t\t\t\t\t\t\t\t\t\t\t<\/div>\n\t\t\t\t<\/div>\n\t\t\t\t\t<\/div>\n\t\t<\/div>\n\t\t\t\t<div class=\"elementor-column elementor-col-33 elementor-inner-column elementor-element elementor-element-507eadf\" data-id=\"507eadf\" data-element_type=\"column\">\n\t\t\t<div class=\"elementor-widget-wrap elementor-element-populated\">\n\t\t\t\t\t\t<div class=\"elementor-element elementor-element-5a5cc48 elementor-widget elementor-widget-image\" data-id=\"5a5cc48\" data-element_type=\"widget\" data-widget_type=\"image.default\">\n\t\t\t\t<div class=\"elementor-widget-container\">\n\t\t\t\t\t\t\t\t\t\t\t\t\t\t\t<img decoding=\"async\" width=\"528\" height=\"528\" src=\"https:\/\/pizzacook.fi\/wp-content\/uploads\/2022\/11\/Pizza_cook_pizza.webp\" class=\"attachment-large size-large wp-image-3515\" alt=\"\" srcset=\"https:\/\/pizzacook.fi\/wp-content\/uploads\/2022\/11\/Pizza_cook_pizza.webp 528w, https:\/\/pizzacook.fi\/wp-content\/uploads\/2022\/11\/Pizza_cook_pizza-300x300.webp 300w, https:\/\/pizzacook.fi\/wp-content\/uploads\/2022\/11\/Pizza_cook_pizza-150x150.webp 150w, https:\/\/pizzacook.fi\/wp-content\/uploads\/2022\/11\/Pizza_cook_pizza-12x12.webp 12w\" sizes=\"(max-width: 528px) 100vw, 528px\" \/>\t\t\t\t\t\t\t\t\t\t\t\t\t\t\t<\/div>\n\t\t\t\t<\/div>\n\t\t\t\t\t<\/div>\n\t\t<\/div>\n\t\t\t\t\t<\/div>\n\t\t<\/section>\n\t\t\t\t\t<\/div>\n\t\t<\/div>\n\t\t\t\t\t<\/div>\n\t\t<\/section>\n\t\t\t\t<\/div>","protected":false},"excerpt":{"rendered":"<p>Pizzaa Helsingin keskustassa Menu Online-tilaus Tekeek\u00f6 mielesi pizzaa? Haluaisitko sy\u00f6d\u00e4 aivan Helsingin keskustassa, heti rautatieaseman vieress\u00e4? Silloin ratkaisu on ravintola Pizza Cook! \u00a0 Meill\u00e4 Pizza Cookilla on yksinkertainen tavoite: haluamme valmistaa herkullista ja terveellist\u00e4 ruokaa asiakkaillemme. Pizza Cook asettaa asiakkaiden tyytyv\u00e4isyyden etusijalle, koska olemmehan olemassa asiakkaiden tarpeet t\u00e4ytt\u00e4\u00e4ksemme. \u00a0 Pizza Cook tuo ihmiset yhteen ja [&hellip;]<\/p>","protected":false},"author":1,"featured_media":0,"parent":0,"menu_order":0,"comment_status":"closed","ping_status":"closed","template":"","meta":{"site-sidebar-layout":"no-sidebar","site-content-layout":"page-builder","ast-site-content-layout":"","site-content-style":"default","site-sidebar-style":"default","ast-global-header-display":"","ast-banner-title-visibility":"","ast-main-header-display":"","ast-hfb-above-header-display":"","ast-hfb-below-header-display":"","ast-hfb-mobile-header-display":"","site-post-title":"disabled","ast-breadcrumbs-content":"","ast-featured-img":"disabled","footer-sml-layout":"","theme-transparent-header-meta":"default","adv-header-id-meta":"","stick-header-meta":"","header-above-stick-meta":"","header-main-stick-meta":"","header-below-stick-meta":"","astra-migrate-meta-layouts":"default","ast-page-background-enabled":"default","ast-page-background-meta":{"desktop":{"background-color":"","background-image":"","background-repeat":"repeat","background-position":"center center","background-size":"auto","background-attachment":"scroll","background-type":"","background-media":"","overlay-type":"","overlay-color":"","overlay-opacity":"","overlay-gradient":""},"tablet":{"background-color":"","background-image":"","background-repeat":"repeat","background-position":"center center","background-size":"auto","background-attachment":"scroll","background-type":"","background-media":"","overlay-type":"","overlay-color":"","overlay-opacity":"","overlay-gradient":""},"mobile":{"background-color":"","background-image":"","background-repeat":"repeat","background-position":"center center","background-size":"auto","background-attachment":"scroll","background-type":"","background-media":"","overlay-type":"","overlay-color":"","overlay-opacity":"","overlay-gradient":""}},"ast-content-background-meta":{"desktop":{"background-color":"var(--ast-global-color-5)","background-image":"","background-repeat":"repeat","background-position":"center center","background-size":"auto","background-attachment":"scroll","background-type":"","background-media":"","overlay-type":"","overlay-color":"","overlay-opacity":"","overlay-gradient":""},"tablet":{"background-color":"var(--ast-global-color-5)","background-image":"","background-repeat":"repeat","background-position":"center center","background-size":"auto","background-attachment":"scroll","background-type":"","background-media":"","overlay-type":"","overlay-color":"","overlay-opacity":"","overlay-gradient":""},"mobile":{"background-color":"var(--ast-global-color-5)","background-image":"","background-repeat":"repeat","background-position":"center center","background-size":"auto","background-attachment":"scroll","background-type":"","background-media":"","overlay-type":"","overlay-color":"","overlay-opacity":"","overlay-gradient":""}},"_joinchat":[],"footnotes":""},"class_list":["post-540","page","type-page","status-publish","hentry"],"aioseo_notices":[],"_links":{"self":[{"href":"https:\/\/pizzacook.fi\/en\/wp-json\/wp\/v2\/pages\/540","targetHints":{"allow":["GET"]}}],"collection":[{"href":"https:\/\/pizzacook.fi\/en\/wp-json\/wp\/v2\/pages"}],"about":[{"href":"https:\/\/pizzacook.fi\/en\/wp-json\/wp\/v2\/types\/page"}],"author":[{"embeddable":true,"href":"https:\/\/pizzacook.fi\/en\/wp-json\/wp\/v2\/users\/1"}],"replies":[{"embeddable":true,"href":"https:\/\/pizzacook.fi\/en\/wp-json\/wp\/v2\/comments?post=540"}],"version-history":[{"count":733,"href":"https:\/\/pizzacook.fi\/en\/wp-json\/wp\/v2\/pages\/540\/revisions"}],"predecessor-version":[{"id":3754,"href":"https:\/\/pizzacook.fi\/en\/wp-json\/wp\/v2\/pages\/540\/revisions\/3754"}],"wp:attachment":[{"href":"https:\/\/pizzacook.fi\/en\/wp-json\/wp\/v2\/media?parent=540"}],"curies":[{"name":"wp","href":"https:\/\/api.w.org\/{rel}","templated":true}]}}